{"id":218,"date":"2025-11-11T14:20:07","date_gmt":"2025-11-11T14:20:07","guid":{"rendered":"https:\/\/ameliaderamon.com.es\/?page_id=218"},"modified":"2025-11-11T15:27:20","modified_gmt":"2025-11-11T15:27:20","slug":"sobre-mi","status":"publish","type":"page","link":"https:\/\/ameliaderamon.com.es\/en\/sobre-mi\/","title":{"rendered":"Sobre m\u00ed"},"content":{"rendered":"<div data-elementor-type=\"wp-page\" data-elementor-id=\"218\" class=\"elementor elementor-218\" data-elementor-post-type=\"page\">\n\t\t\t\t<div class=\"elementor-element elementor-element-7c6024a e-flex e-con-boxed e-con e-parent\" data-id=\"7c6024a\" data-element_type=\"container\" data-settings=\"{&quot;background_background&quot;:&quot;classic&quot;}\">\n\t\t\t\t\t<div class=\"e-con-inner\">\n\t\t<div class=\"elementor-element elementor-element-bdcfc1d e-con-full e-flex e-con e-child\" data-id=\"bdcfc1d\" data-element_type=\"container\">\n\t\t\t\t<div class=\"elementor-element elementor-element-fe0a0c7 elementor-widget elementor-widget-heading\" data-id=\"fe0a0c7\" data-element_type=\"widget\" data-widget_type=\"heading.default\">\n\t\t\t\t\t<h2 class=\"elementor-heading-title elementor-size-default\">Vocaci\u00f3n por el Derecho Civil.<\/h2>\t\t\t\t<\/div>\n\t\t\t\t<div class=\"elementor-element elementor-element-b5e797e elementor-widget__width-initial elementor-widget-tablet__width-inherit elementor-widget elementor-widget-text-editor\" data-id=\"b5e797e\" data-element_type=\"widget\" data-widget_type=\"text-editor.default\">\n\t\t\t\t\t\t\t\t\t<div class=\"framer-ygaue7\" data-framer-name=\"Title Wrapper\"><div class=\"framer-1n1gppc\" data-framer-name=\"Body\" data-framer-component-type=\"RichTextContainer\"><p class=\"framer-text framer-styles-preset-ygez3x\" data-styles-preset=\"hHUsLlKbZ\">Compromiso es ofrecerle una defensa no solo experta y rigurosa, sino tambi\u00e9n humana y transparente.<\/p><\/div><\/div>\t\t\t\t\t\t\t\t<\/div>\n\t\t\t\t<\/div>\n\t\t<div class=\"elementor-element elementor-element-31e06cf e-con-full elementor-hidden-mobile e-flex e-con e-child\" data-id=\"31e06cf\" data-element_type=\"container\">\n\t\t\t\t<\/div>\n\t\t\t\t\t<\/div>\n\t\t\t\t<\/div>\n\t\t<div class=\"elementor-element elementor-element-b569aaf e-flex e-con-boxed e-con e-parent\" data-id=\"b569aaf\" data-element_type=\"container\">\n\t\t\t\t\t<div class=\"e-con-inner\">\n\t\t<div class=\"elementor-element elementor-element-8fbe1c3 e-con-full e-flex e-con e-child\" data-id=\"8fbe1c3\" data-element_type=\"container\">\n\t\t\t\t<div class=\"elementor-element elementor-element-b9c6b10 elementor-widget elementor-widget-heading\" data-id=\"b9c6b10\" data-element_type=\"widget\" data-widget_type=\"heading.default\">\n\t\t\t\t\t<h2 class=\"elementor-heading-title elementor-size-default\">Los M\u00e1s Altos Est\u00e1ndares de Integridad y Excelencia.<\/h2>\t\t\t\t<\/div>\n\t\t\t\t<div class=\"elementor-element elementor-element-3a5a681 elementor-widget elementor-widget-text-editor\" data-id=\"3a5a681\" data-element_type=\"widget\" data-widget_type=\"text-editor.default\">\n\t\t\t\t\t\t\t\t\t<div class=\"framer-ygaue7\" data-framer-name=\"Title Wrapper\"><div class=\"framer-1n1gppc\" data-framer-name=\"Body\" data-framer-component-type=\"RichTextContainer\"><p class=\"framer-text framer-styles-preset-ygez3x\" data-styles-preset=\"hHUsLlKbZ\">En mi pr\u00e1ctica diaria, priorizo las necesidades de mis clientes, entendiendo que cada situaci\u00f3n legal en el \u00e1mbito civil es \u00fanica. Mi compromiso es ofrecerle soluciones legales dise\u00f1adas a su medida. Me aseguro de que reciba la atenci\u00f3n y la representaci\u00f3n rigurosa que merece. Mi experiencia integral en Defensius me permite manejar con eficacia una amplia gama de asuntos legales.<\/p><\/div><\/div>\t\t\t\t\t\t\t\t<\/div>\n\t\t<div class=\"elementor-element elementor-element-e5c666c e-con-full e-flex e-con e-child\" data-id=\"e5c666c\" data-element_type=\"container\">\n\t\t\t\t<div class=\"elementor-element elementor-element-451f453 elementor-widget elementor-widget-button\" data-id=\"451f453\" data-element_type=\"widget\" data-widget_type=\"button.default\">\n\t\t\t\t\t\t\t\t\t\t<a class=\"elementor-button elementor-button-link elementor-size-sm\" href=\"https:\/\/ameliaderamon.com.es\/en\/contacto\/\">\n\t\t\t\t\t\t<span class=\"elementor-button-content-wrapper\">\n\t\t\t\t\t\t\t\t\t<span class=\"elementor-button-text\">Consulta Gratuita Personalizada<\/span>\n\t\t\t\t\t<\/span>\n\t\t\t\t\t<\/a>\n\t\t\t\t\t\t\t\t<\/div>\n\t\t\t\t<div class=\"elementor-element elementor-element-ba44e03 elementor-widget elementor-widget-button\" data-id=\"ba44e03\" data-element_type=\"widget\" data-widget_type=\"button.default\">\n\t\t\t\t\t\t\t\t\t\t<a class=\"elementor-button elementor-button-link elementor-size-sm\" href=\"https:\/\/ameliaderamon.com.es\/en\/servicios\/\">\n\t\t\t\t\t\t<span class=\"elementor-button-content-wrapper\">\n\t\t\t\t\t\t\t\t\t<span class=\"elementor-button-text\">Conoce Mis Servicios<\/span>\n\t\t\t\t\t<\/span>\n\t\t\t\t\t<\/a>\n\t\t\t\t\t\t\t\t<\/div>\n\t\t\t\t<\/div>\n\t\t\t\t<\/div>\n\t\t<div class=\"elementor-element elementor-element-066ad1f e-con-full e-flex e-con e-child\" data-id=\"066ad1f\" data-element_type=\"container\">\n\t\t\t\t<div class=\"elementor-element elementor-element-1555195 elementor-widget elementor-widget-image\" data-id=\"1555195\" data-element_type=\"widget\" data-widget_type=\"image.default\">\n\t\t\t\t\t\t\t\t\t\t\t\t\t\t\t<img fetchpriority=\"high\" decoding=\"async\" width=\"1333\" height=\"2000\" src=\"https:\/\/ameliaderamon.com.es\/wp-content\/uploads\/2025\/11\/2151054002-min.jpg\" class=\"attachment-full size-full wp-image-87\" alt=\"\" srcset=\"https:\/\/ameliaderamon.com.es\/wp-content\/uploads\/2025\/11\/2151054002-min.jpg 1333w, https:\/\/ameliaderamon.com.es\/wp-content\/uploads\/2025\/11\/2151054002-min-200x300.jpg 200w, https:\/\/ameliaderamon.com.es\/wp-content\/uploads\/2025\/11\/2151054002-min-682x1024.jpg 682w, https:\/\/ameliaderamon.com.es\/wp-content\/uploads\/2025\/11\/2151054002-min-768x1152.jpg 768w, https:\/\/ameliaderamon.com.es\/wp-content\/uploads\/2025\/11\/2151054002-min-1024x1536.jpg 1024w\" sizes=\"(max-width: 1333px) 100vw, 1333px\" \/>\t\t\t\t\t\t\t\t\t\t\t\t\t\t\t<\/div>\n\t\t\t\t<\/div>\n\t\t\t\t\t<\/div>\n\t\t\t\t<\/div>\n\t\t<div class=\"elementor-element elementor-element-282d853 e-flex e-con-boxed e-con e-parent\" data-id=\"282d853\" data-element_type=\"container\" data-settings=\"{&quot;background_background&quot;:&quot;classic&quot;}\">\n\t\t\t\t\t<div class=\"e-con-inner\">\n\t\t<div class=\"elementor-element elementor-element-526b71b e-con-full e-flex e-con e-child\" data-id=\"526b71b\" data-element_type=\"container\">\n\t\t\t\t<div class=\"elementor-element elementor-element-b7beff9 elementor-widget elementor-widget-heading\" data-id=\"b7beff9\" data-element_type=\"widget\" data-widget_type=\"heading.default\">\n\t\t\t\t\t<h2 class=\"elementor-heading-title elementor-size-default\">Por Qu\u00e9 Confiarme su Caso de Derecho Civil.<\/h2>\t\t\t\t<\/div>\n\t\t\t\t<div class=\"elementor-element elementor-element-8e898ed elementor-widget elementor-widget-text-editor\" data-id=\"8e898ed\" data-element_type=\"widget\" data-widget_type=\"text-editor.default\">\n\t\t\t\t\t\t\t\t\t<div class=\"framer-ygaue7\" data-framer-name=\"Title Wrapper\"><div class=\"framer-1n1gppc\" data-framer-name=\"Body\" data-framer-component-type=\"RichTextContainer\"><p class=\"framer-text framer-styles-preset-ygez3x\" data-styles-preset=\"hHUsLlKbZ\">Mi pr\u00e1ctica se basa en la honestidad, la transparencia y la dedicaci\u00f3n completa a sus objetivos. En Defensius, entiendo que sus asuntos personales requieren un trato sensible y una estrategia legal robusta. Mi objetivo no es solo defenderlo, sino tambi\u00e9n guiarlo con claridad en cada paso del proceso. Mi experiencia me permite ofrecer soluciones efectivas a problemas complejos.<\/p><\/div><\/div>\t\t\t\t\t\t\t\t<\/div>\n\t\t\t\t<\/div>\n\t\t<div class=\"elementor-element elementor-element-8d17656 e-con-full e-flex e-con e-child\" data-id=\"8d17656\" data-element_type=\"container\">\n\t\t\t\t<div class=\"elementor-element elementor-element-72aea8e elementor-widget elementor-widget-n-accordion\" data-id=\"72aea8e\" data-element_type=\"widget\" data-settings=\"{&quot;default_state&quot;:&quot;expanded&quot;,&quot;max_items_expended&quot;:&quot;one&quot;,&quot;n_accordion_animation_duration&quot;:{&quot;unit&quot;:&quot;ms&quot;,&quot;size&quot;:400,&quot;sizes&quot;:[]}}\" data-widget_type=\"nested-accordion.default\">\n\t\t\t\t\t\t\t<div class=\"e-n-accordion\" aria-label=\"Accordion. Open links with Enter or Space, close with Escape, and navigate with Arrow Keys\">\n\t\t\t\t\t\t<details id=\"e-n-accordion-item-1200\" class=\"e-n-accordion-item\" open>\n\t\t\t\t<summary class=\"e-n-accordion-item-title\" data-accordion-index=\"1\" tabindex=\"0\" aria-expanded=\"true\" aria-controls=\"e-n-accordion-item-1200\" >\n\t\t\t\t\t<span class='e-n-accordion-item-title-header'><div class=\"e-n-accordion-item-title-text\"> Enfoque Personalizado y Cercano <\/div><\/span>\n\t\t\t\t\t\t\t<span class='e-n-accordion-item-title-icon'>\n\t\t\t<span class='e-opened' ><svg aria-hidden=\"true\" class=\"e-font-icon-svg e-fas-minus\" viewbox=\"0 0 448 512\" xmlns=\"http:\/\/www.w3.org\/2000\/svg\"><path d=\"M416 208H32c-17.67 0-32 14.33-32 32v32c0 17.67 14.33 32 32 32h384c17.67 0 32-14.33 32-32v-32c0-17.67-14.33-32-32-32z\"><\/path><\/svg><\/span>\n\t\t\t<span class='e-closed'><svg aria-hidden=\"true\" class=\"e-font-icon-svg e-fas-plus\" viewbox=\"0 0 448 512\" xmlns=\"http:\/\/www.w3.org\/2000\/svg\"><path d=\"M416 208H272V64c0-17.67-14.33-32-32-32h-32c-17.67 0-32 14.33-32 32v144H32c-17.67 0-32 14.33-32 32v32c0 17.67 14.33 32 32 32h144v144c0 17.67 14.33 32 32 32h32c17.67 0 32-14.33 32-32V304h144c17.67 0 32-14.33 32-32v-32c0-17.67-14.33-32-32-32z\"><\/path><\/svg><\/span>\n\t\t<\/span>\n\n\t\t\t\t\t\t<\/summary>\n\t\t\t\t<div role=\"region\" aria-labelledby=\"e-n-accordion-item-1200\" class=\"elementor-element elementor-element-082fbfe e-con-full e-flex e-con e-child\" data-id=\"082fbfe\" data-element_type=\"container\">\n\t\t\t\t<div class=\"elementor-element elementor-element-d33b415 elementor-widget elementor-widget-text-editor\" data-id=\"d33b415\" data-element_type=\"widget\" data-widget_type=\"text-editor.default\">\n\t\t\t\t\t\t\t\t\t<div class=\"framer-ygaue7\" data-framer-name=\"Title Wrapper\"><div class=\"framer-1n1gppc\" data-framer-name=\"Body\" data-framer-component-type=\"RichTextContainer\"><p class=\"framer-text framer-styles-preset-ygez3x\" data-styles-preset=\"hHUsLlKbZ\"><b>Trato su caso como \u00fanico.<\/b> Dedico el tiempo necesario para escuchar sus inquietudes y comprender a fondo su situaci\u00f3n, garantizando una estrategia legal a la medida de sus necesidades.<\/p><\/div><\/div>\t\t\t\t\t\t\t\t<\/div>\n\t\t\t\t<\/div>\n\t\t\t\t\t<\/details>\n\t\t\t\t\t\t<details id=\"e-n-accordion-item-1201\" class=\"e-n-accordion-item\" >\n\t\t\t\t<summary class=\"e-n-accordion-item-title\" data-accordion-index=\"2\" tabindex=\"-1\" aria-expanded=\"false\" aria-controls=\"e-n-accordion-item-1201\" >\n\t\t\t\t\t<span class='e-n-accordion-item-title-header'><div class=\"e-n-accordion-item-title-text\"> Especializaci\u00f3n en Derecho Civil <\/div><\/span>\n\t\t\t\t\t\t\t<span class='e-n-accordion-item-title-icon'>\n\t\t\t<span class='e-opened' ><svg aria-hidden=\"true\" class=\"e-font-icon-svg e-fas-minus\" viewbox=\"0 0 448 512\" xmlns=\"http:\/\/www.w3.org\/2000\/svg\"><path d=\"M416 208H32c-17.67 0-32 14.33-32 32v32c0 17.67 14.33 32 32 32h384c17.67 0 32-14.33 32-32v-32c0-17.67-14.33-32-32-32z\"><\/path><\/svg><\/span>\n\t\t\t<span class='e-closed'><svg aria-hidden=\"true\" class=\"e-font-icon-svg e-fas-plus\" viewbox=\"0 0 448 512\" xmlns=\"http:\/\/www.w3.org\/2000\/svg\"><path d=\"M416 208H272V64c0-17.67-14.33-32-32-32h-32c-17.67 0-32 14.33-32 32v144H32c-17.67 0-32 14.33-32 32v32c0 17.67 14.33 32 32 32h144v144c0 17.67 14.33 32 32 32h32c17.67 0 32-14.33 32-32V304h144c17.67 0 32-14.33 32-32v-32c0-17.67-14.33-32-32-32z\"><\/path><\/svg><\/span>\n\t\t<\/span>\n\n\t\t\t\t\t\t<\/summary>\n\t\t\t\t<div role=\"region\" aria-labelledby=\"e-n-accordion-item-1201\" class=\"elementor-element elementor-element-4853dd2 e-con-full e-flex e-con e-child\" data-id=\"4853dd2\" data-element_type=\"container\">\n\t\t\t\t<div class=\"elementor-element elementor-element-4c727ba elementor-widget elementor-widget-text-editor\" data-id=\"4c727ba\" data-element_type=\"widget\" data-widget_type=\"text-editor.default\">\n\t\t\t\t\t\t\t\t\t<div class=\"framer-ygaue7\" data-framer-name=\"Title Wrapper\"><div class=\"framer-1n1gppc\" data-framer-name=\"Body\" data-framer-component-type=\"RichTextContainer\"><p class=\"framer-text framer-styles-preset-ygez3x\" data-styles-preset=\"hHUsLlKbZ\">Mi s\u00f3lida trayectoria y continua formaci\u00f3n se centran en el Derecho Civil (contratos, propiedad, responsabilidades). Esto me permite ofrecerle una defensa experta y actualizada.<\/p><\/div><\/div>\t\t\t\t\t\t\t\t<\/div>\n\t\t\t\t<\/div>\n\t\t\t\t\t<\/details>\n\t\t\t\t\t\t<details id=\"e-n-accordion-item-1202\" class=\"e-n-accordion-item\" >\n\t\t\t\t<summary class=\"e-n-accordion-item-title\" data-accordion-index=\"3\" tabindex=\"-1\" aria-expanded=\"false\" aria-controls=\"e-n-accordion-item-1202\" >\n\t\t\t\t\t<span class='e-n-accordion-item-title-header'><div class=\"e-n-accordion-item-title-text\"> Soluciones Legales con Base Econ\u00f3mica <\/div><\/span>\n\t\t\t\t\t\t\t<span class='e-n-accordion-item-title-icon'>\n\t\t\t<span class='e-opened' ><svg aria-hidden=\"true\" class=\"e-font-icon-svg e-fas-minus\" viewbox=\"0 0 448 512\" xmlns=\"http:\/\/www.w3.org\/2000\/svg\"><path d=\"M416 208H32c-17.67 0-32 14.33-32 32v32c0 17.67 14.33 32 32 32h384c17.67 0 32-14.33 32-32v-32c0-17.67-14.33-32-32-32z\"><\/path><\/svg><\/span>\n\t\t\t<span class='e-closed'><svg aria-hidden=\"true\" class=\"e-font-icon-svg e-fas-plus\" viewbox=\"0 0 448 512\" xmlns=\"http:\/\/www.w3.org\/2000\/svg\"><path d=\"M416 208H272V64c0-17.67-14.33-32-32-32h-32c-17.67 0-32 14.33-32 32v144H32c-17.67 0-32 14.33-32 32v32c0 17.67 14.33 32 32 32h144v144c0 17.67 14.33 32 32 32h32c17.67 0 32-14.33 32-32V304h144c17.67 0 32-14.33 32-32v-32c0-17.67-14.33-32-32-32z\"><\/path><\/svg><\/span>\n\t\t<\/span>\n\n\t\t\t\t\t\t<\/summary>\n\t\t\t\t<div role=\"region\" aria-labelledby=\"e-n-accordion-item-1202\" class=\"elementor-element elementor-element-6d72d98 e-con-full e-flex e-con e-child\" data-id=\"6d72d98\" data-element_type=\"container\">\n\t\t\t\t<div class=\"elementor-element elementor-element-ceb2a4c elementor-widget elementor-widget-text-editor\" data-id=\"ceb2a4c\" data-element_type=\"widget\" data-widget_type=\"text-editor.default\">\n\t\t\t\t\t\t\t\t\t<div class=\"framer-ygaue7\" data-framer-name=\"Title Wrapper\"><div class=\"framer-1n1gppc\" data-framer-name=\"Body\" data-framer-component-type=\"RichTextContainer\"><p class=\"framer-text framer-styles-preset-ygez3x\" data-styles-preset=\"hHUsLlKbZ\">Como parte de Defensius (abogados y economistas), mi an\u00e1lisis incluye la viabilidad econ\u00f3mica de su caso. Busco la soluci\u00f3n m\u00e1s beneficiosa y eficiente para usted, tanto legal como financieramente.<\/p><\/div><\/div>\t\t\t\t\t\t\t\t<\/div>\n\t\t\t\t<\/div>\n\t\t\t\t\t<\/details>\n\t\t\t\t\t\t<details id=\"e-n-accordion-item-1203\" class=\"e-n-accordion-item\" >\n\t\t\t\t<summary class=\"e-n-accordion-item-title\" data-accordion-index=\"4\" tabindex=\"-1\" aria-expanded=\"false\" aria-controls=\"e-n-accordion-item-1203\" >\n\t\t\t\t\t<span class='e-n-accordion-item-title-header'><div class=\"e-n-accordion-item-title-text\"> Comunicaci\u00f3n Clara y Transparente <\/div><\/span>\n\t\t\t\t\t\t\t<span class='e-n-accordion-item-title-icon'>\n\t\t\t<span class='e-opened' ><svg aria-hidden=\"true\" class=\"e-font-icon-svg e-fas-minus\" viewbox=\"0 0 448 512\" xmlns=\"http:\/\/www.w3.org\/2000\/svg\"><path d=\"M416 208H32c-17.67 0-32 14.33-32 32v32c0 17.67 14.33 32 32 32h384c17.67 0 32-14.33 32-32v-32c0-17.67-14.33-32-32-32z\"><\/path><\/svg><\/span>\n\t\t\t<span class='e-closed'><svg aria-hidden=\"true\" class=\"e-font-icon-svg e-fas-plus\" viewbox=\"0 0 448 512\" xmlns=\"http:\/\/www.w3.org\/2000\/svg\"><path d=\"M416 208H272V64c0-17.67-14.33-32-32-32h-32c-17.67 0-32 14.33-32 32v144H32c-17.67 0-32 14.33-32 32v32c0 17.67 14.33 32 32 32h144v144c0 17.67 14.33 32 32 32h32c17.67 0 32-14.33 32-32V304h144c17.67 0 32-14.33 32-32v-32c0-17.67-14.33-32-32-32z\"><\/path><\/svg><\/span>\n\t\t<\/span>\n\n\t\t\t\t\t\t<\/summary>\n\t\t\t\t<div role=\"region\" aria-labelledby=\"e-n-accordion-item-1203\" class=\"elementor-element elementor-element-9421f26 e-con-full e-flex e-con e-child\" data-id=\"9421f26\" data-element_type=\"container\">\n\t\t\t\t<div class=\"elementor-element elementor-element-8ebeb7a elementor-widget elementor-widget-text-editor\" data-id=\"8ebeb7a\" data-element_type=\"widget\" data-widget_type=\"text-editor.default\">\n\t\t\t\t\t\t\t\t\t<div class=\"framer-ygaue7\" data-framer-name=\"Title Wrapper\"><div class=\"framer-1n1gppc\" data-framer-name=\"Body\" data-framer-component-type=\"RichTextContainer\"><p class=\"framer-text framer-styles-preset-ygez3x\" data-styles-preset=\"hHUsLlKbZ\"><b>Priorizo su tranquilidad.<\/b> Le mantendr\u00e9 informado del progreso de su caso con un lenguaje sencillo y accesible, garantizando siempre una transparencia total en el proceso y los costes.<\/p><\/div><\/div>\t\t\t\t\t\t\t\t<\/div>\n\t\t\t\t<\/div>\n\t\t\t\t\t<\/details>\n\t\t\t\t\t<\/div>\n\t\t\t\t\t\t<\/div>\n\t\t\t\t<\/div>\n\t\t\t\t\t<\/div>\n\t\t\t\t<\/div>\n\t\t\t\t<\/div>","protected":false},"excerpt":{"rendered":"<p>Vocaci\u00f3n por el Derecho Civil. Compromiso es ofrecerle una defensa no solo experta y rigurosa, sino tambi\u00e9n humana y transparente. Los M\u00e1s Altos Est\u00e1ndares de Integridad y Excelencia. En mi pr\u00e1ctica diaria, priorizo las necesidades de mis clientes, entendiendo que cada situaci\u00f3n legal en el \u00e1mbito civil es \u00fanica. Mi compromiso es ofrecerle soluciones legales [&hellip;]<\/p>","protected":false},"author":1,"featured_media":0,"parent":0,"menu_order":0,"comment_status":"closed","ping_status":"closed","template":"","meta":{"footnotes":""},"class_list":["post-218","page","type-page","status-publish","hentry"],"_links":{"self":[{"href":"https:\/\/ameliaderamon.com.es\/en\/wp-json\/wp\/v2\/pages\/218","targetHints":{"allow":["GET"]}}],"collection":[{"href":"https:\/\/ameliaderamon.com.es\/en\/wp-json\/wp\/v2\/pages"}],"about":[{"href":"https:\/\/ameliaderamon.com.es\/en\/wp-json\/wp\/v2\/types\/page"}],"author":[{"embeddable":true,"href":"https:\/\/ameliaderamon.com.es\/en\/wp-json\/wp\/v2\/users\/1"}],"replies":[{"embeddable":true,"href":"https:\/\/ameliaderamon.com.es\/en\/wp-json\/wp\/v2\/comments?post=218"}],"version-history":[{"count":19,"href":"https:\/\/ameliaderamon.com.es\/en\/wp-json\/wp\/v2\/pages\/218\/revisions"}],"predecessor-version":[{"id":291,"href":"https:\/\/ameliaderamon.com.es\/en\/wp-json\/wp\/v2\/pages\/218\/revisions\/291"}],"wp:attachment":[{"href":"https:\/\/ameliaderamon.com.es\/en\/wp-json\/wp\/v2\/media?parent=218"}],"curies":[{"name":"wp","href":"https:\/\/api.w.org\/{rel}","templated":true}]}}