{"id":15,"date":"2025-11-11T10:23:42","date_gmt":"2025-11-11T10:23:42","guid":{"rendered":"https:\/\/ameliaderamon.com.es\/?page_id=15"},"modified":"2025-11-11T15:27:41","modified_gmt":"2025-11-11T15:27:41","slug":"servicios","status":"publish","type":"page","link":"https:\/\/ameliaderamon.com.es\/en\/servicios\/","title":{"rendered":"Servicios"},"content":{"rendered":"<div data-elementor-type=\"wp-page\" data-elementor-id=\"15\" class=\"elementor elementor-15\" data-elementor-post-type=\"page\">\n\t\t\t\t<div class=\"elementor-element elementor-element-affcf5c e-flex e-con-boxed e-con e-parent\" data-id=\"affcf5c\" data-element_type=\"container\" data-settings=\"{&quot;background_background&quot;:&quot;classic&quot;}\">\n\t\t\t\t\t<div class=\"e-con-inner\">\n\t\t<div class=\"elementor-element elementor-element-98016d1 e-con-full e-flex e-con e-child\" data-id=\"98016d1\" data-element_type=\"container\">\n\t\t\t\t<div class=\"elementor-element elementor-element-f1fba78 elementor-widget elementor-widget-heading\" data-id=\"f1fba78\" data-element_type=\"widget\" data-widget_type=\"heading.default\">\n\t\t\t\t\t<h2 class=\"elementor-heading-title elementor-size-default\">Soluciones Legales S\u00f3lidas en Derecho Civil.<\/h2>\t\t\t\t<\/div>\n\t\t\t\t<div class=\"elementor-element elementor-element-38f0f2a elementor-widget__width-initial elementor-widget-tablet__width-inherit elementor-widget elementor-widget-text-editor\" data-id=\"38f0f2a\" data-element_type=\"widget\" data-widget_type=\"text-editor.default\">\n\t\t\t\t\t\t\t\t\t<div class=\"framer-ygaue7\" data-framer-name=\"Title Wrapper\"><div class=\"framer-1n1gppc\" data-framer-name=\"Body\" data-framer-component-type=\"RichTextContainer\"><p class=\"framer-text framer-styles-preset-ygez3x\" data-styles-preset=\"hHUsLlKbZ\">En Defensius, mi objetivo es ofrecerle una defensa estrat\u00e9gica y personalizada. Descubra a continuaci\u00f3n las \u00e1reas clave de mi pr\u00e1ctica donde puedo brindarle la asesor\u00eda legal m\u00e1s rigurosa y efectiva.<\/p><\/div><\/div>\t\t\t\t\t\t\t\t<\/div>\n\t\t\t\t<\/div>\n\t\t<div class=\"elementor-element elementor-element-bfde2ee e-con-full elementor-hidden-mobile e-flex e-con e-child\" data-id=\"bfde2ee\" data-element_type=\"container\">\n\t\t\t\t<\/div>\n\t\t\t\t\t<\/div>\n\t\t\t\t<\/div>\n\t\t<div class=\"elementor-element elementor-element-cb75d88 e-flex e-con-boxed e-con e-parent\" data-id=\"cb75d88\" data-element_type=\"container\">\n\t\t\t\t\t<div class=\"e-con-inner\">\n\t\t<div class=\"elementor-element elementor-element-5408a97 e-con-full e-flex e-con e-child\" data-id=\"5408a97\" data-element_type=\"container\">\n\t\t\t\t<div class=\"elementor-element elementor-element-abc663e elementor-widget__width-initial elementor-widget elementor-widget-icon-box\" data-id=\"abc663e\" data-element_type=\"widget\" data-widget_type=\"icon-box.default\">\n\t\t\t\t\t\t\t<div class=\"elementor-icon-box-wrapper\">\n\n\t\t\t\n\t\t\t\t\t\t<div class=\"elementor-icon-box-content\">\n\n\t\t\t\t\t\t\t\t\t<h3 class=\"elementor-icon-box-title\">\n\t\t\t\t\t\t<span  >\n\t\t\t\t\t\t\t\u00c1reas de Especializaci\u00f3n en Derecho Civil.\t\t\t\t\t\t<\/span>\n\t\t\t\t\t<\/h3>\n\t\t\t\t\n\t\t\t\t\t\t\t\t\t<p class=\"elementor-icon-box-description\">\n\t\t\t\t\t\tMi pr\u00e1ctica est\u00e1 dedicada a resolver los conflictos legales m\u00e1s comunes que afectan su vida personal y patrimonial. Le ofrezco una defensa s\u00f3lida y una asesor\u00eda estrat\u00e9gica en estas \u00e1reas clave.\t\t\t\t\t<\/p>\n\t\t\t\t\n\t\t\t<\/div>\n\t\t\t\n\t\t<\/div>\n\t\t\t\t\t\t<\/div>\n\t\t\t\t<\/div>\n\t\t<div class=\"elementor-element elementor-element-61eda62 e-grid e-con-full e-con e-child\" data-id=\"61eda62\" data-element_type=\"container\">\n\t\t<div class=\"elementor-element elementor-element-1c572f4 e-con-full e-flex e-con e-child\" data-id=\"1c572f4\" data-element_type=\"container\" data-settings=\"{&quot;background_background&quot;:&quot;classic&quot;}\">\n\t\t\t\t<div class=\"elementor-element elementor-element-32f1d69 elementor-view-default elementor-position-top elementor-mobile-position-top elementor-widget elementor-widget-icon-box\" data-id=\"32f1d69\" data-element_type=\"widget\" data-widget_type=\"icon-box.default\">\n\t\t\t\t\t\t\t<div class=\"elementor-icon-box-wrapper\">\n\n\t\t\t\t\t\t<div class=\"elementor-icon-box-icon\">\n\t\t\t\t<span  class=\"elementor-icon\">\n\t\t\t\t<svg xmlns=\"http:\/\/www.w3.org\/2000\/svg\" id=\"Capa_1\" height=\"512\" viewbox=\"0 0 512 512\" width=\"512\"><g><g><path d=\"m464.344 238.811h-12.076v-129.811c0-4.218-3.482-7.623-7.73-7.497-4.105.123-7.27 3.704-7.27 7.811v129.496h-50.268c-4.143 0-7.5 3.358-7.5 7.5s3.357 7.5 7.5 7.5h77.344c9.692 0 17.578 7.886 17.578 17.578s-7.886 17.578-17.578 17.578h-153.227v-35.156h40.883c4.143 0 7.5-3.358 7.5-7.5s-3.357-7.5-7.5-7.5h-42.684c-5.424 0-10.091 3.291-12.118 7.979h-53.055c-1.817-4.662-6.344-7.979-11.641-7.979h-21.917c-5.297 0-9.824 3.318-11.641 7.979h-32.148v-6.438c0-6.347-3.408-11.899-8.479-14.967v-19.097c13.174-3.965 22.799-16.203 22.799-30.652 0-17.649-14.358-32.008-32.008-32.008h-25.294v-128.627h313.453v59c0 4.218 3.482 7.623 7.73 7.497 4.105-.123 7.27-3.704 7.27-7.811v-61.186c0-6.904-5.596-12.5-12.5-12.5h-318.453c-6.904 0-12.5 5.596-12.5 12.5v131.128h-22.401c-17.649 0-32.008 14.359-32.008 32.008 0 14.448 9.625 26.685 22.798 30.651v19.097c-5.071 3.068-8.479 8.62-8.479 14.967v62.073c0 6.347 3.408 11.899 8.479 14.967v19.097c-13.173 3.966-22.798 16.203-22.798 30.652 0 17.649 14.358 32.008 32.008 32.008h22.401v26.037h-58.619c-9.649 0-17.5 7.851-17.5 17.5v12.423h-.117c-9.649 0-17.5 7.851-17.5 17.5v26.892c0 6.893 5.607 12.5 12.5 12.5h412.189c6.904 0 12.5-5.596 12.5-12.5v-195.533h12.076c17.964 0 32.578-14.614 32.578-32.578s-14.613-32.578-32.577-32.578zm-219.342 22.979h51.115v19.197h-51.115zm-31.917-7.979h16.917v35.156h-16.917zm-46.289 7.979h31.289v19.197h-31.289zm-97.391-86.154c0-9.378 7.63-17.008 17.008-17.008h62.695c9.378 0 17.008 7.63 17.008 17.008 0 9.378-7.63 17.008-17.008 17.008h-62.695c-9.378.001-17.008-7.629-17.008-17.008zm16.82 129.289c-1.379 0-2.5-1.122-2.5-2.5v-62.073c0-1.378 1.121-2.5 2.5-2.5h63.071c1.379 0 2.5 1.122 2.5 2.5v62.073c0 1.378-1.121 2.5-2.5 2.5zm57.092 15v15.208h-51.114v-15.208zm-51.114-97.073v-15.208h51.114v15.208zm-5.79 161.297c-9.378 0-17.008-7.63-17.008-17.008s7.63-17.008 17.008-17.008h62.695c9.378 0 17.008 7.63 17.008 17.008s-7.63 17.008-17.008 17.008zm119.03 112.851h-175.365v-24.392c0-1.378 1.121-2.5 2.5-2.5h46.422c4.143 0 7.5-3.358 7.5-7.5s-3.357-7.5-7.5-7.5h-31.305v-12.423c0-1.378 1.121-2.5 2.5-2.5h135.13c1.379 0 2.5 1.122 2.5 2.5v12.423h-73.825c-4.143 0-7.5 3.358-7.5 7.5s3.357 7.5 7.5 7.5h88.943c1.379 0 2.5 1.122 2.5 2.5zm231.825 0h-216.825v-24.392c0-9.649-7.851-17.5-17.5-17.5h-.118v-12.423c0-9.649-7.851-17.5-17.5-17.5h-61.511v-26.037h25.294c17.649 0 32.008-14.358 32.008-32.008 0-14.449-9.625-26.686-22.799-30.652v-19.097c5.071-3.068 8.479-8.62 8.479-14.967v-6.438h32.148c1.817 4.662 6.344 7.979 11.641 7.979h21.917c5.297 0 9.824-3.318 11.641-7.979h53.055c2.027 4.688 6.694 7.979 12.118 7.979h127.951v193.035z\"><\/path><path d=\"m202.872 124.276c0 42.827 34.842 77.669 77.669 77.669s77.669-34.842 77.669-77.669-34.842-77.669-77.669-77.669-77.669 34.842-77.669 77.669zm140.338 0c0 34.556-28.113 62.669-62.669 62.669s-62.669-28.113-62.669-62.669 28.113-62.669 62.669-62.669 62.669 28.113 62.669 62.669z\"><\/path><path d=\"m259.147 116.045c-2.93-2.929-7.678-2.929-10.607 0s-2.929 7.678 0 10.606l23.069 23.069c1.465 1.464 3.385 2.197 5.304 2.197s3.839-.732 5.304-2.197l35.758-35.758c2.929-2.929 2.929-7.678 0-10.606-2.93-2.929-7.678-2.929-10.607 0l-30.454 30.455z\"><\/path><path d=\"m243.681 334.569c0 4.142 3.357 7.5 7.5 7.5h137.93c4.143 0 7.5-3.358 7.5-7.5s-3.357-7.5-7.5-7.5h-137.93c-4.143 0-7.5 3.358-7.5 7.5z\"><\/path><path d=\"m389.11 363.546h-71.11c-4.143 0-7.5 3.358-7.5 7.5s3.357 7.5 7.5 7.5h71.11c4.143 0 7.5-3.358 7.5-7.5s-3.357-7.5-7.5-7.5z\"><\/path><path d=\"m251.181 378.546h40.819c4.143 0 7.5-3.358 7.5-7.5s-3.357-7.5-7.5-7.5h-40.819c-4.143 0-7.5 3.358-7.5 7.5s3.357 7.5 7.5 7.5z\"><\/path><path d=\"m389.11 400.023h-137.93c-4.143 0-7.5 3.358-7.5 7.5s3.357 7.5 7.5 7.5h137.93c4.143 0 7.5-3.358 7.5-7.5s-3.357-7.5-7.5-7.5z\"><\/path><path d=\"m389.11 436.5h-36.11c-4.143 0-7.5 3.358-7.5 7.5s3.357 7.5 7.5 7.5h36.11c4.143 0 7.5-3.358 7.5-7.5s-3.357-7.5-7.5-7.5z\"><\/path><path d=\"m330 436.5h-78.819c-4.143 0-7.5 3.358-7.5 7.5s3.357 7.5 7.5 7.5h78.819c4.143 0 7.5-3.358 7.5-7.5s-3.357-7.5-7.5-7.5z\"><\/path><\/g><\/g><\/svg>\t\t\t\t<\/span>\n\t\t\t<\/div>\n\t\t\t\n\t\t\t\t\t\t<div class=\"elementor-icon-box-content\">\n\n\t\t\t\t\t\t\t\t\t<h3 class=\"elementor-icon-box-title\">\n\t\t\t\t\t\t<span  >\n\t\t\t\t\t\t\tDerecho de Familia y Sucesiones\t\t\t\t\t\t<\/span>\n\t\t\t\t\t<\/h3>\n\t\t\t\t\n\t\t\t\t\t\t\t\t\t<p class=\"elementor-icon-box-description\">\n\t\t\t\t\t\tLe ofrezco el apoyo sensible y profesional que necesita en procesos de divorcio, liquidaci\u00f3n de bienes gananciales, custodia de menores, y gesti\u00f3n de herencias y testamentos.\t\t\t\t\t<\/p>\n\t\t\t\t\n\t\t\t<\/div>\n\t\t\t\n\t\t<\/div>\n\t\t\t\t\t\t<\/div>\n\t\t\t\t<div class=\"elementor-element elementor-element-35b1fa3 elementor-widget elementor-widget-button\" data-id=\"35b1fa3\" data-element_type=\"widget\" data-widget_type=\"button.default\">\n\t\t\t\t\t\t\t\t\t\t<a class=\"elementor-button elementor-button-link elementor-size-sm\" href=\"#\">\n\t\t\t\t\t\t<span class=\"elementor-button-content-wrapper\">\n\t\t\t\t\t\t\t\t\t<span class=\"elementor-button-text\">Servicios<\/span>\n\t\t\t\t\t<\/span>\n\t\t\t\t\t<\/a>\n\t\t\t\t\t\t\t\t<\/div>\n\t\t\t\t<\/div>\n\t\t<div class=\"elementor-element elementor-element-50d764a e-con-full e-flex e-con e-child\" data-id=\"50d764a\" data-element_type=\"container\" data-settings=\"{&quot;background_background&quot;:&quot;classic&quot;}\">\n\t\t\t\t<div class=\"elementor-element elementor-element-7237902 elementor-view-default elementor-position-top elementor-mobile-position-top elementor-widget elementor-widget-icon-box\" data-id=\"7237902\" data-element_type=\"widget\" data-widget_type=\"icon-box.default\">\n\t\t\t\t\t\t\t<div class=\"elementor-icon-box-wrapper\">\n\n\t\t\t\t\t\t<div class=\"elementor-icon-box-icon\">\n\t\t\t\t<span  class=\"elementor-icon\">\n\t\t\t\t<svg xmlns=\"http:\/\/www.w3.org\/2000\/svg\" id=\"Capa_1\" height=\"512\" viewbox=\"0 0 512 512\" width=\"512\"><g><g><path d=\"m464.344 238.811h-12.076v-129.811c0-4.218-3.482-7.623-7.73-7.497-4.105.123-7.27 3.704-7.27 7.811v129.496h-50.268c-4.143 0-7.5 3.358-7.5 7.5s3.357 7.5 7.5 7.5h77.344c9.692 0 17.578 7.886 17.578 17.578s-7.886 17.578-17.578 17.578h-153.227v-35.156h40.883c4.143 0 7.5-3.358 7.5-7.5s-3.357-7.5-7.5-7.5h-42.684c-5.424 0-10.091 3.291-12.118 7.979h-53.055c-1.817-4.662-6.344-7.979-11.641-7.979h-21.917c-5.297 0-9.824 3.318-11.641 7.979h-32.148v-6.438c0-6.347-3.408-11.899-8.479-14.967v-19.097c13.174-3.965 22.799-16.203 22.799-30.652 0-17.649-14.358-32.008-32.008-32.008h-25.294v-128.627h313.453v59c0 4.218 3.482 7.623 7.73 7.497 4.105-.123 7.27-3.704 7.27-7.811v-61.186c0-6.904-5.596-12.5-12.5-12.5h-318.453c-6.904 0-12.5 5.596-12.5 12.5v131.128h-22.401c-17.649 0-32.008 14.359-32.008 32.008 0 14.448 9.625 26.685 22.798 30.651v19.097c-5.071 3.068-8.479 8.62-8.479 14.967v62.073c0 6.347 3.408 11.899 8.479 14.967v19.097c-13.173 3.966-22.798 16.203-22.798 30.652 0 17.649 14.358 32.008 32.008 32.008h22.401v26.037h-58.619c-9.649 0-17.5 7.851-17.5 17.5v12.423h-.117c-9.649 0-17.5 7.851-17.5 17.5v26.892c0 6.893 5.607 12.5 12.5 12.5h412.189c6.904 0 12.5-5.596 12.5-12.5v-195.533h12.076c17.964 0 32.578-14.614 32.578-32.578s-14.613-32.578-32.577-32.578zm-219.342 22.979h51.115v19.197h-51.115zm-31.917-7.979h16.917v35.156h-16.917zm-46.289 7.979h31.289v19.197h-31.289zm-97.391-86.154c0-9.378 7.63-17.008 17.008-17.008h62.695c9.378 0 17.008 7.63 17.008 17.008 0 9.378-7.63 17.008-17.008 17.008h-62.695c-9.378.001-17.008-7.629-17.008-17.008zm16.82 129.289c-1.379 0-2.5-1.122-2.5-2.5v-62.073c0-1.378 1.121-2.5 2.5-2.5h63.071c1.379 0 2.5 1.122 2.5 2.5v62.073c0 1.378-1.121 2.5-2.5 2.5zm57.092 15v15.208h-51.114v-15.208zm-51.114-97.073v-15.208h51.114v15.208zm-5.79 161.297c-9.378 0-17.008-7.63-17.008-17.008s7.63-17.008 17.008-17.008h62.695c9.378 0 17.008 7.63 17.008 17.008s-7.63 17.008-17.008 17.008zm119.03 112.851h-175.365v-24.392c0-1.378 1.121-2.5 2.5-2.5h46.422c4.143 0 7.5-3.358 7.5-7.5s-3.357-7.5-7.5-7.5h-31.305v-12.423c0-1.378 1.121-2.5 2.5-2.5h135.13c1.379 0 2.5 1.122 2.5 2.5v12.423h-73.825c-4.143 0-7.5 3.358-7.5 7.5s3.357 7.5 7.5 7.5h88.943c1.379 0 2.5 1.122 2.5 2.5zm231.825 0h-216.825v-24.392c0-9.649-7.851-17.5-17.5-17.5h-.118v-12.423c0-9.649-7.851-17.5-17.5-17.5h-61.511v-26.037h25.294c17.649 0 32.008-14.358 32.008-32.008 0-14.449-9.625-26.686-22.799-30.652v-19.097c5.071-3.068 8.479-8.62 8.479-14.967v-6.438h32.148c1.817 4.662 6.344 7.979 11.641 7.979h21.917c5.297 0 9.824-3.318 11.641-7.979h53.055c2.027 4.688 6.694 7.979 12.118 7.979h127.951v193.035z\"><\/path><path d=\"m202.872 124.276c0 42.827 34.842 77.669 77.669 77.669s77.669-34.842 77.669-77.669-34.842-77.669-77.669-77.669-77.669 34.842-77.669 77.669zm140.338 0c0 34.556-28.113 62.669-62.669 62.669s-62.669-28.113-62.669-62.669 28.113-62.669 62.669-62.669 62.669 28.113 62.669 62.669z\"><\/path><path d=\"m259.147 116.045c-2.93-2.929-7.678-2.929-10.607 0s-2.929 7.678 0 10.606l23.069 23.069c1.465 1.464 3.385 2.197 5.304 2.197s3.839-.732 5.304-2.197l35.758-35.758c2.929-2.929 2.929-7.678 0-10.606-2.93-2.929-7.678-2.929-10.607 0l-30.454 30.455z\"><\/path><path d=\"m243.681 334.569c0 4.142 3.357 7.5 7.5 7.5h137.93c4.143 0 7.5-3.358 7.5-7.5s-3.357-7.5-7.5-7.5h-137.93c-4.143 0-7.5 3.358-7.5 7.5z\"><\/path><path d=\"m389.11 363.546h-71.11c-4.143 0-7.5 3.358-7.5 7.5s3.357 7.5 7.5 7.5h71.11c4.143 0 7.5-3.358 7.5-7.5s-3.357-7.5-7.5-7.5z\"><\/path><path d=\"m251.181 378.546h40.819c4.143 0 7.5-3.358 7.5-7.5s-3.357-7.5-7.5-7.5h-40.819c-4.143 0-7.5 3.358-7.5 7.5s3.357 7.5 7.5 7.5z\"><\/path><path d=\"m389.11 400.023h-137.93c-4.143 0-7.5 3.358-7.5 7.5s3.357 7.5 7.5 7.5h137.93c4.143 0 7.5-3.358 7.5-7.5s-3.357-7.5-7.5-7.5z\"><\/path><path d=\"m389.11 436.5h-36.11c-4.143 0-7.5 3.358-7.5 7.5s3.357 7.5 7.5 7.5h36.11c4.143 0 7.5-3.358 7.5-7.5s-3.357-7.5-7.5-7.5z\"><\/path><path d=\"m330 436.5h-78.819c-4.143 0-7.5 3.358-7.5 7.5s3.357 7.5 7.5 7.5h78.819c4.143 0 7.5-3.358 7.5-7.5s-3.357-7.5-7.5-7.5z\"><\/path><\/g><\/g><\/svg>\t\t\t\t<\/span>\n\t\t\t<\/div>\n\t\t\t\n\t\t\t\t\t\t<div class=\"elementor-icon-box-content\">\n\n\t\t\t\t\t\t\t\t\t<h3 class=\"elementor-icon-box-title\">\n\t\t\t\t\t\t<span  >\n\t\t\t\t\t\t\tReclamaciones y Responsabilidad Civil\t\t\t\t\t\t<\/span>\n\t\t\t\t\t<\/h3>\n\t\t\t\t\n\t\t\t\t\t\t\t\t\t<p class=\"elementor-icon-box-description\">\n\t\t\t\t\t\tLe represento en reclamaciones por da\u00f1os y perjuicios, accidentes y cualquier situaci\u00f3n de responsabilidad contractual o extracontractual. Mi objetivo es la m\u00e1xima indemnizaci\u00f3n para usted.\t\t\t\t\t<\/p>\n\t\t\t\t\n\t\t\t<\/div>\n\t\t\t\n\t\t<\/div>\n\t\t\t\t\t\t<\/div>\n\t\t\t\t<div class=\"elementor-element elementor-element-a5dadb0 elementor-widget elementor-widget-button\" data-id=\"a5dadb0\" data-element_type=\"widget\" data-widget_type=\"button.default\">\n\t\t\t\t\t\t\t\t\t\t<a class=\"elementor-button elementor-button-link elementor-size-sm\" href=\"#\">\n\t\t\t\t\t\t<span class=\"elementor-button-content-wrapper\">\n\t\t\t\t\t\t\t\t\t<span class=\"elementor-button-text\">Servicios<\/span>\n\t\t\t\t\t<\/span>\n\t\t\t\t\t<\/a>\n\t\t\t\t\t\t\t\t<\/div>\n\t\t\t\t<\/div>\n\t\t<div class=\"elementor-element elementor-element-8768c6a e-con-full e-flex e-con e-child\" data-id=\"8768c6a\" data-element_type=\"container\" data-settings=\"{&quot;background_background&quot;:&quot;classic&quot;}\">\n\t\t\t\t<div class=\"elementor-element elementor-element-8990795 elementor-view-default elementor-position-top elementor-mobile-position-top elementor-widget elementor-widget-icon-box\" data-id=\"8990795\" data-element_type=\"widget\" data-widget_type=\"icon-box.default\">\n\t\t\t\t\t\t\t<div class=\"elementor-icon-box-wrapper\">\n\n\t\t\t\t\t\t<div class=\"elementor-icon-box-icon\">\n\t\t\t\t<span  class=\"elementor-icon\">\n\t\t\t\t<svg xmlns=\"http:\/\/www.w3.org\/2000\/svg\" id=\"Layer_2\" viewbox=\"0 0 32 32\" data-name=\"Layer 2\"><path d=\"m28.415 3.433h-11.155a.25.25 0 0 0 -.25.25v2.517l-9.381 4.367a.249.249 0 0 0 -.121.331l.42.91a.249.249 0 0 0 .227.145.255.255 0 0 0 .105-.023l.345-.161v4.131l-5.126 2.4a.25.25 0 0 0 -.122.329l.41.91a.249.249 0 0 0 .141.131.239.239 0 0 0 .092.013.263.263 0 0 0 .1-.023l.564-.263v8.916a.249.249 0 0 0 .25.25h8.632.008.008 3.689.008 11.156a.25.25 0 0 0 .25-.25v-24.63a.25.25 0 0 0 -.25-.25zm-11.41 13.742v.549l-8.255 3.843-.473.223-.21-.455zm-8.939-6.26 8.939-4.16v.545l-8.255 3.846-.01.009-.463.216zm1.039 4.756v-4.135l7.9-3.68v4.128l-5.2 2.426zm-5.191 2.975 5.047-2.356 8.044-3.754v.558l-12.195 5.683-.688.321zm1.251.518 11.84-5.518v2.978l-9.376 4.363a.249.249 0 0 0 -.121.331l.42.91a.249.249 0 0 0 .227.145.255.255 0 0 0 .105-.023l.345-.161v5.874h-3.44zm3.94 2.792 7.9-3.681v.558l-7.255 3.374a.25.25 0 0 0 -.145.226v5.63h-.5zm1 .637 3.2-1.488v6.958h-3.2zm6.9 5.47h-3.2v-7.19l3.2-1.488zm11.16 0h-10.655v-24.13h10.655z\"><\/path><path d=\"m18.26 27.566h9.155a.249.249 0 0 0 .25-.25v-9.052-2.264-2.263-2.263-6.791a.25.25 0 0 0 -.25-.25h-9.155a.25.25 0 0 0 -.25.25v22.633a.249.249 0 0 0 .25.25zm4.327-13.58v1.764h-4.077v-1.764zm-4.077-.5v-1.763h4.077v1.763zm4.077 2.764v1.763h-4.077v-1.763zm0 2.263v1.763h-4.077v-1.763zm-4.077 2.263h4.077v1.764h-4.077zm4.577 0h4.078v1.764h-4.078zm0-.5v-1.763h4.078v1.763zm0-2.263v-1.763h4.078v1.763zm0-2.263v-1.764h4.078v1.764zm0-2.264v-1.763h4.078v1.763zm0-2.263v-1.763h4.078v1.763zm-.5 0h-4.077v-1.763h4.077zm-4.077 11.817h4.077v1.76h-4.077zm4.577 0h4.078v1.76h-4.078zm4.078-14.08h-4.078v-1.76h4.078zm-4.578 0h-4.077v-1.76h4.077zm-4.077 16.34h4.077v1.763h-4.077zm4.577 1.763v-1.763h4.078v1.763zm4.078-20.363h-4.078v-1.767h4.078zm-4.578-1.767v1.767h-4.077v-1.767z\"><\/path><\/svg>\t\t\t\t<\/span>\n\t\t\t<\/div>\n\t\t\t\n\t\t\t\t\t\t<div class=\"elementor-icon-box-content\">\n\n\t\t\t\t\t\t\t\t\t<h3 class=\"elementor-icon-box-title\">\n\t\t\t\t\t\t<span  >\n\t\t\t\t\t\t\tDerecho Inmobiliario y Propiedad\t\t\t\t\t\t<\/span>\n\t\t\t\t\t<\/h3>\n\t\t\t\t\n\t\t\t\t\t\t\t\t\t<p class=\"elementor-icon-box-description\">\n\t\t\t\t\t\tAsesoramiento integral en compraventas, contratos de alquiler, desahucios, servidumbres, problemas con la comunidad de propietarios y defensa de su derecho de propiedad.\t\t\t\t\t<\/p>\n\t\t\t\t\n\t\t\t<\/div>\n\t\t\t\n\t\t<\/div>\n\t\t\t\t\t\t<\/div>\n\t\t\t\t<div class=\"elementor-element elementor-element-0e24ce0 elementor-widget elementor-widget-button\" data-id=\"0e24ce0\" data-element_type=\"widget\" data-widget_type=\"button.default\">\n\t\t\t\t\t\t\t\t\t\t<a class=\"elementor-button elementor-button-link elementor-size-sm\" href=\"#\">\n\t\t\t\t\t\t<span class=\"elementor-button-content-wrapper\">\n\t\t\t\t\t\t\t\t\t<span class=\"elementor-button-text\">Servicios<\/span>\n\t\t\t\t\t<\/span>\n\t\t\t\t\t<\/a>\n\t\t\t\t\t\t\t\t<\/div>\n\t\t\t\t<\/div>\n\t\t\t\t<\/div>\n\t\t\t\t\t<\/div>\n\t\t\t\t<\/div>\n\t\t<div class=\"elementor-element elementor-element-26d6a8b e-flex e-con-boxed e-con e-parent\" data-id=\"26d6a8b\" data-element_type=\"container\">\n\t\t\t\t\t<div class=\"e-con-inner\">\n\t\t<div class=\"elementor-element elementor-element-f832435 e-con-full e-flex e-con e-child\" data-id=\"f832435\" data-element_type=\"container\">\n\t\t<div class=\"elementor-element elementor-element-2adbbde e-con-full e-flex e-con e-child\" data-id=\"2adbbde\" data-element_type=\"container\" data-settings=\"{&quot;background_background&quot;:&quot;classic&quot;}\">\n\t\t\t\t<div class=\"elementor-element elementor-element-840226a elementor-widget__width-initial elementor-widget elementor-widget-icon-box\" data-id=\"840226a\" data-element_type=\"widget\" data-widget_type=\"icon-box.default\">\n\t\t\t\t\t\t\t<div class=\"elementor-icon-box-wrapper\">\n\n\t\t\t\n\t\t\t\t\t\t<div class=\"elementor-icon-box-content\">\n\n\t\t\t\t\t\t\t\t\t<h3 class=\"elementor-icon-box-title\">\n\t\t\t\t\t\t<span  >\n\t\t\t\t\t\t\tTe Escucho y Analizo su Situaci\u00f3n Inicial\t\t\t\t\t\t<\/span>\n\t\t\t\t\t<\/h3>\n\t\t\t\t\n\t\t\t\t\t\t\t\t\t<p class=\"elementor-icon-box-description\">\n\t\t\t\t\t\tEn nuestra primera reuni\u00f3n, me dedicar\u00e9 a escuchar sus inquietudes y a resolver todas sus preguntas. Juntos, definiremos las primeras directrices y la viabilidad del caso.\t\t\t\t\t<\/p>\n\t\t\t\t\n\t\t\t<\/div>\n\t\t\t\n\t\t<\/div>\n\t\t\t\t\t\t<\/div>\n\t\t\t\t<div class=\"elementor-element elementor-element-db0202e elementor-absolute elementor-widget elementor-widget-heading\" data-id=\"db0202e\" data-element_type=\"widget\" data-settings=\"{&quot;_position&quot;:&quot;absolute&quot;}\" data-widget_type=\"heading.default\">\n\t\t\t\t\t<span class=\"elementor-heading-title elementor-size-default\">01<\/span>\t\t\t\t<\/div>\n\t\t\t\t<\/div>\n\t\t<div class=\"elementor-element elementor-element-5a79480 e-con-full e-flex e-con e-child\" data-id=\"5a79480\" data-element_type=\"container\" data-settings=\"{&quot;background_background&quot;:&quot;classic&quot;}\">\n\t\t\t\t<div class=\"elementor-element elementor-element-e3e13cc elementor-widget__width-initial elementor-widget elementor-widget-icon-box\" data-id=\"e3e13cc\" data-element_type=\"widget\" data-widget_type=\"icon-box.default\">\n\t\t\t\t\t\t\t<div class=\"elementor-icon-box-wrapper\">\n\n\t\t\t\n\t\t\t\t\t\t<div class=\"elementor-icon-box-content\">\n\n\t\t\t\t\t\t\t\t\t<h3 class=\"elementor-icon-box-title\">\n\t\t\t\t\t\t<span  >\n\t\t\t\t\t\t\tEstudio Profundo del Caso y Dise\u00f1o de Estrategia\t\t\t\t\t\t<\/span>\n\t\t\t\t\t<\/h3>\n\t\t\t\t\n\t\t\t\t\t\t\t\t\t<p class=\"elementor-icon-box-description\">\n\t\t\t\t\t\tCon base en mi amplia experiencia y la jurisprudencia m\u00e1s reciente, estudio a fondo su caso. Analizo todas las variables legales y econ\u00f3micas para valorar la estrategia m\u00e1s s\u00f3lida y eficiente a seguir.\t\t\t\t\t<\/p>\n\t\t\t\t\n\t\t\t<\/div>\n\t\t\t\n\t\t<\/div>\n\t\t\t\t\t\t<\/div>\n\t\t\t\t<div class=\"elementor-element elementor-element-b797b41 elementor-absolute elementor-widget elementor-widget-heading\" data-id=\"b797b41\" data-element_type=\"widget\" data-settings=\"{&quot;_position&quot;:&quot;absolute&quot;}\" data-widget_type=\"heading.default\">\n\t\t\t\t\t<span class=\"elementor-heading-title elementor-size-default\">02<\/span>\t\t\t\t<\/div>\n\t\t\t\t<\/div>\n\t\t<div class=\"elementor-element elementor-element-d5ac8d0 e-con-full e-flex e-con e-child\" data-id=\"d5ac8d0\" data-element_type=\"container\" data-settings=\"{&quot;background_background&quot;:&quot;classic&quot;}\">\n\t\t\t\t<div class=\"elementor-element elementor-element-b4a6a7a elementor-widget__width-initial elementor-widget elementor-widget-icon-box\" data-id=\"b4a6a7a\" data-element_type=\"widget\" data-widget_type=\"icon-box.default\">\n\t\t\t\t\t\t\t<div class=\"elementor-icon-box-wrapper\">\n\n\t\t\t\n\t\t\t\t\t\t<div class=\"elementor-icon-box-content\">\n\n\t\t\t\t\t\t\t\t\t<h3 class=\"elementor-icon-box-title\">\n\t\t\t\t\t\t<span  >\n\t\t\t\t\t\t\tDefensa y Ejecuci\u00f3n de la Soluci\u00f3n \u00d3ptima\t\t\t\t\t\t<\/span>\n\t\t\t\t\t<\/h3>\n\t\t\t\t\n\t\t\t\t\t\t\t\t\t<p class=\"elementor-icon-box-description\">\n\t\t\t\t\t\tUna vez definida la estrategia, defiendo activamente sus intereses en la v\u00eda legal correspondiente. Le aporto la soluci\u00f3n m\u00e1s adecuada y completa para sus necesidades concretas.\t\t\t\t\t<\/p>\n\t\t\t\t\n\t\t\t<\/div>\n\t\t\t\n\t\t<\/div>\n\t\t\t\t\t\t<\/div>\n\t\t\t\t<div class=\"elementor-element elementor-element-e6d34f0 elementor-absolute elementor-widget elementor-widget-heading\" data-id=\"e6d34f0\" data-element_type=\"widget\" data-settings=\"{&quot;_position&quot;:&quot;absolute&quot;}\" data-widget_type=\"heading.default\">\n\t\t\t\t\t<span class=\"elementor-heading-title elementor-size-default\">03<\/span>\t\t\t\t<\/div>\n\t\t\t\t<\/div>\n\t\t\t\t<\/div>\n\t\t<div class=\"elementor-element elementor-element-006dfaa e-con-full e-flex e-con e-child\" data-id=\"006dfaa\" data-element_type=\"container\">\n\t\t\t\t<div class=\"elementor-element elementor-element-afa1ea9 elementor-widget elementor-widget-heading\" data-id=\"afa1ea9\" data-element_type=\"widget\" data-widget_type=\"heading.default\">\n\t\t\t\t\t<h2 class=\"elementor-heading-title elementor-size-default\">Mi Proceso de Trabajo para su Tranquilidad Legal.<\/h2>\t\t\t\t<\/div>\n\t\t\t\t<div class=\"elementor-element elementor-element-322cd33 elementor-widget elementor-widget-text-editor\" data-id=\"322cd33\" data-element_type=\"widget\" data-widget_type=\"text-editor.default\">\n\t\t\t\t\t\t\t\t\t<div class=\"framer-ygaue7\" data-framer-name=\"Title Wrapper\"><div class=\"framer-1n1gppc\" data-framer-name=\"Body\" data-framer-component-type=\"RichTextContainer\"><p class=\"framer-text framer-styles-preset-ygez3x\" data-styles-preset=\"hHUsLlKbZ\">La base de mi servicio es garantizarle la m\u00e1xima tranquilidad. Mi equipo y yo priorizamos sus necesidades y dise\u00f1amos soluciones a medida. Mi experiencia integral en Derecho Civil, combinada con el enfoque econ\u00f3mico de Defensius, me permite manejar su caso con la atenci\u00f3n y la representaci\u00f3n efectiva que usted se merece.<\/p><\/div><\/div>\t\t\t\t\t\t\t\t<\/div>\n\t\t\t\t<div class=\"elementor-element elementor-element-35480d5 elementor-widget elementor-widget-button\" data-id=\"35480d5\" data-element_type=\"widget\" data-widget_type=\"button.default\">\n\t\t\t\t\t\t\t\t\t\t<a class=\"elementor-button elementor-button-link elementor-size-sm\" href=\"https:\/\/ameliaderamon.com.es\/en\/contacto\/\">\n\t\t\t\t\t\t<span class=\"elementor-button-content-wrapper\">\n\t\t\t\t\t\t\t\t\t<span class=\"elementor-button-text\">Solicitar Consulta Gratuita<\/span>\n\t\t\t\t\t<\/span>\n\t\t\t\t\t<\/a>\n\t\t\t\t\t\t\t\t<\/div>\n\t\t\t\t<\/div>\n\t\t\t\t\t<\/div>\n\t\t\t\t<\/div>\n\t\t\t\t<\/div>","protected":false},"excerpt":{"rendered":"<p>Soluciones Legales S\u00f3lidas en Derecho Civil. En Defensius, mi objetivo es ofrecerle una defensa estrat\u00e9gica y personalizada. Descubra a continuaci\u00f3n las \u00e1reas clave de mi pr\u00e1ctica donde puedo brindarle la asesor\u00eda legal m\u00e1s rigurosa y efectiva. \u00c1reas de Especializaci\u00f3n en Derecho Civil. Mi pr\u00e1ctica est\u00e1 dedicada a resolver los conflictos legales m\u00e1s comunes que afectan [&hellip;]<\/p>","protected":false},"author":1,"featured_media":0,"parent":0,"menu_order":0,"comment_status":"closed","ping_status":"closed","template":"","meta":{"footnotes":""},"class_list":["post-15","page","type-page","status-publish","hentry"],"_links":{"self":[{"href":"https:\/\/ameliaderamon.com.es\/en\/wp-json\/wp\/v2\/pages\/15","targetHints":{"allow":["GET"]}}],"collection":[{"href":"https:\/\/ameliaderamon.com.es\/en\/wp-json\/wp\/v2\/pages"}],"about":[{"href":"https:\/\/ameliaderamon.com.es\/en\/wp-json\/wp\/v2\/types\/page"}],"author":[{"embeddable":true,"href":"https:\/\/ameliaderamon.com.es\/en\/wp-json\/wp\/v2\/users\/1"}],"replies":[{"embeddable":true,"href":"https:\/\/ameliaderamon.com.es\/en\/wp-json\/wp\/v2\/comments?post=15"}],"version-history":[{"count":13,"href":"https:\/\/ameliaderamon.com.es\/en\/wp-json\/wp\/v2\/pages\/15\/revisions"}],"predecessor-version":[{"id":294,"href":"https:\/\/ameliaderamon.com.es\/en\/wp-json\/wp\/v2\/pages\/15\/revisions\/294"}],"wp:attachment":[{"href":"https:\/\/ameliaderamon.com.es\/en\/wp-json\/wp\/v2\/media?parent=15"}],"curies":[{"name":"wp","href":"https:\/\/api.w.org\/{rel}","templated":true}]}}